{"id":1816,"date":"2024-07-10T17:00:04","date_gmt":"2024-07-10T16:00:04","guid":{"rendered":"https:\/\/www.bestabroad.org\/?page_id=1816"},"modified":"2024-07-10T23:45:11","modified_gmt":"2024-07-10T22:45:11","slug":"politica-de-privacidad","status":"publish","type":"page","link":"https:\/\/www.bestabroad.org\/es\/politica-de-privacidad\/","title":{"rendered":"Pol\u00edtica de Privacidad"},"content":{"rendered":"<p><strong>POL\u00cdTICA DE PRIVACIDAD DE <a href=\"http:\/\/www.bestabroad.org\/es\/\">www.bestabroad.org<\/a><\/strong><\/p>\n\n\n\n<p>Datos del propietario de&nbsp; la web:<\/p>\n\n\n\n<figure class=\"wp-block-table\"><table><tbody><tr><td><strong>RAZ\u00d3N SOCIAL<\/strong><\/td><td>BEST ABROAD S.L.<\/td><\/tr><tr><td><strong>NIF<\/strong><\/td><td>B56157050<\/td><\/tr><tr><td><strong>DOMINIO<\/strong><\/td><td><a href=\"http:\/\/www.bestabroad.org\/es\/\">www.bestabroad.org<\/a><\/td><\/tr><tr><td><strong>DIRECCI\u00d3N POSTAL<\/strong><\/td><td>CARRER NENA CASAS, 56 PRINCIPAL 2, 08017 BARCELONA(BARCELONA)<\/td><\/tr><tr><td><strong>DIRECCI\u00d3N ELECTR\u00d3NICA<\/strong><\/td><td><a href=\"mailto:info@bestabroad.org\">info@bestabroad.org<\/a><\/td><\/tr><tr><td><strong>TEL\u00c9FONOS<\/strong><\/td><td>644685108<\/td><\/tr><tr><td><strong>N\u00ba REGISTRO\/ DATOS ADICIONALES<\/strong><\/td><td>&nbsp;<\/td><\/tr><\/tbody><\/table><\/figure>\n\n\n\n<p>Protecci\u00f3n de&nbsp; datos<\/p>\n\n\n\n<p>De conformidad con la normativa vigente y aplicable en protecci\u00f3n de datos de car\u00e1cter personal, le informamos&nbsp; que&nbsp; sus datos ser\u00e1n incorporados&nbsp; al&nbsp; sistema&nbsp; de&nbsp; tratamiento&nbsp; titularidad&nbsp; de&nbsp; BEST&nbsp; ABROAD S.L.&nbsp; con&nbsp; NIF&nbsp; B56157050 y&nbsp; domicilio&nbsp; social&nbsp; sito&nbsp; en&nbsp; CARRER&nbsp; NENA&nbsp; CASAS&nbsp; 56&nbsp; PRINCIPAL&nbsp; 2,08017<img loading=\"lazy\" decoding=\"async\" width=\"6\" height=\"13\" src=\"\">&nbsp;BARCELONA(BARCELONA). A continuaci\u00f3n, se facilita la informaci\u00f3n de los tratamientos realizados:<\/p>\n\n\n\n<p>Derechos de&nbsp; los interesados<\/p>\n\n\n\n<figure class=\"wp-block-table\"><table><tbody><tr><td colspan=\"4\">&nbsp;<strong>TRATAMIENTOS REALIZADOS<\/strong><\/td><\/tr><tr><td colspan=\"2\">Acciones comerciales formulario web<\/td><td colspan=\"2\">Finalidad: Captaci\u00f3n, registro y tratamiento de datos con finalidades de atender sus consultas y\/o solicitudes, as\u00ed como de publicidad y prospecci\u00f3n comercial. Plazo de&nbsp; conservaci\u00f3n: mientras&nbsp; se mantenga el&nbsp; consentimiento&nbsp; prestado, salvo obligaci\u00f3n legal. Base leg\u00edtima: El consentimiento del interesado. Tipolog\u00eda de Datos: Datos b\u00e1sicos: Nombre&nbsp; y apellidos, Direcci\u00f3n electr\u00f3nica<\/td><\/tr><tr><td colspan=\"2\">Gesti\u00f3n usuarios web<\/td><td colspan=\"2\">Finalidad: Captaci\u00f3n, registro y tratamiento de datos del usuario. Plazo de&nbsp; conservaci\u00f3n: mientras&nbsp; se&nbsp; mantenga el&nbsp; consentimiento&nbsp; prestado, salvo obligaci\u00f3n legal. Base leg\u00edtima: El consentimiento del interesado. Tipolog\u00eda de Datos: Datos b\u00e1sicos: Nombre&nbsp; y apellidos, Direcci\u00f3n electr\u00f3nica<\/td><\/tr><tr><td colspan=\"2\">Newsletter<\/td><td colspan=\"2\">Finalidad: Gesti\u00f3n&nbsp; de&nbsp; la&nbsp; suscripci\u00f3n&nbsp; a&nbsp; la&nbsp; newsletter,&nbsp; para&nbsp; realizar&nbsp; los&nbsp; env\u00edos correspondientes. Plazo de conservaci\u00f3n: mientras se mantenga el consentimiento prestado. Base leg\u00edtima: El consentimiento del interesado. Tipolog\u00eda de Datos: Datos b\u00e1sicos: Nombre&nbsp; y apellidos, Direcci\u00f3n electr\u00f3nica<\/td><\/tr><tr><td colspan=\"2\">Instalaci\u00f3n de cookies<\/td><td colspan=\"2\">Finalidad: Gesti\u00f3n e instalaci\u00f3n de las cookies. Plazo de conservaci\u00f3n: mientras se mantenga el consentimiento prestado. Base leg\u00edtima: El consentimiento del interesado. Tipolog\u00eda de Datos: Datos b\u00e1sicos: Direcci\u00f3n electr\u00f3nica, Direcci\u00f3n IP<\/td><\/tr><tr><td colspan=\"2\">Gesti\u00f3n Formulario web<\/td><td colspan=\"2\">Finalidad: Atender&nbsp; sus consultas y\/o solicitudes. Plazo de conservaci\u00f3n: mientras se mantenga el consentimiento prestado. Base leg\u00edtima: El consentimiento del interesado. Tipolog\u00eda de Datos: Datos b\u00e1sicos: Nombre&nbsp; y apellidos, Direcci\u00f3n electr\u00f3nica, Direcci\u00f3n IP &nbsp;<\/td><\/tr><\/tbody><\/table><\/figure>\n\n\n\n<p>BEST ABROAD S.L. informa a los Usuarios que,&nbsp; podr\u00e1&nbsp; ejercer los derechos de acceso, rectificaci\u00f3n, limitaci\u00f3n, supresi\u00f3n, portabilidad, oposici\u00f3n al tratamiento de sus datos de car\u00e1cter personal y el derecho a no ser objeto de decisiones automatizadas, incluida la elaboraci\u00f3n de perfiles, ante&nbsp; el Responsable del Tratamiento, as\u00ed como&nbsp; a la retirada del consentimiento prestado.<\/p>\n\n\n\n<ul>\n<li>Derecho de&nbsp;&nbsp; Acceso:&nbsp; Es el &nbsp;derecho&nbsp; del&nbsp; usuario&nbsp; a&nbsp; obtener&nbsp; confirmaci\u00f3n&nbsp; sobre si&nbsp; se est\u00e1n tratando sus datos y, en tal caso, los concretos datos personales tratados y la informaci\u00f3n legal del tratamiento (finalidades, base legitimadora,&nbsp; plazos de&nbsp; conservaci\u00f3n, cesiones, origen de&nbsp; los datos, etc.).<\/li>\n<\/ul>\n\n\n\n<ul>\n<li>Derecho de&nbsp; Rectificaci\u00f3n: Es el&nbsp; derecho del&nbsp; afectado&nbsp; a&nbsp; que&nbsp; se modifiquen&nbsp; los&nbsp; datos que resulten&nbsp; ser inexactos&nbsp; o incompletos.&nbsp; En&nbsp; relaci\u00f3n&nbsp; a&nbsp; la&nbsp; p\u00e1gina&nbsp; web,&nbsp; s\u00f3lo&nbsp; podr\u00e1&nbsp; satisfacerse&nbsp; en relaci\u00f3n&nbsp; a&nbsp; aquella&nbsp; informaci\u00f3n&nbsp; que&nbsp;&nbsp; se&nbsp; encuentre bajo&nbsp; el&nbsp; control&nbsp; del&nbsp; sitio&nbsp; web,&nbsp; por&nbsp; ejemplo, eliminar comentarios publicados en la propia p\u00e1gina, im\u00e1genes o contenidos web donde consten datos de car\u00e1cter personal del usuario.<\/li>\n\n\n\n<li>Derecho a la Limitaci\u00f3n de tratamiento: Es el derecho a que se limiten los fines del tratamiento previstos de forma original por el responsable del tratamiento en determinados supuestos.<\/li>\n\n\n\n<li>Derecho de&nbsp; Supresi\u00f3n:&nbsp; Es el derecho a suprimir los datos de&nbsp; car\u00e1cter personal del usuario, a excepci\u00f3n de lo previsto en el propio RGPD (libertad de expresi\u00f3n e informaci\u00f3n, obligaciones de conservaci\u00f3n, formulaci\u00f3n, ejercicio o defensa de reclamaciones, etc.).<\/li>\n<\/ul>\n\n\n\n<ul>\n<li>Derecho a&nbsp; la&nbsp; Portabilidad: El&nbsp; derecho a&nbsp; recibir&nbsp; los&nbsp; datos personales&nbsp; que&nbsp; el&nbsp; usuario&nbsp; haya facilitado, en un formato estructurado, de uso com\u00fan&nbsp; y lectura mec\u00e1nica, y a transmitirlos a otro responsable&nbsp; cuando el&nbsp; tratamiento&nbsp; est\u00e1&nbsp; basado en&nbsp; el&nbsp; consentimiento&nbsp; o en&nbsp; la&nbsp; ejecuci\u00f3n&nbsp; de&nbsp; un contrato y se efect\u00fae por medios automatizados.<\/li>\n<\/ul>\n\n\n\n<ul>\n<li>Derecho de Oposici\u00f3n: Es el derecho del usuario a que&nbsp; no se lleve a cabo&nbsp; el tratamiento de sus datos de car\u00e1cter personal o se cese el tratamiento de los mismos por parte&nbsp; del sitio web cuando el&nbsp; tratamiento&nbsp; est\u00e9&nbsp; basado en&nbsp; el&nbsp; inter\u00e9s&nbsp; leg\u00edtimo&nbsp; o&nbsp; el&nbsp; inter\u00e9s&nbsp; p\u00fablico&nbsp; o&nbsp; cuando se&nbsp; trate&nbsp; de tratamientos de mercadotecnia directa.<\/li>\n\n\n\n<li>Derecho a no&nbsp; ser objeto de&nbsp; decisiones automatizadas, incluida la elaboraci\u00f3n de&nbsp; perfiles: Cuando el&nbsp; tratamiento&nbsp; no&nbsp; es necesario&nbsp; para&nbsp; la&nbsp; celebraci\u00f3n&nbsp; o ejecuci\u00f3n&nbsp; de&nbsp; un contrato, ni&nbsp; est\u00e1 autorizada&nbsp; por&nbsp; el&nbsp; Derecho de&nbsp; la&nbsp; Uni\u00f3n&nbsp; Europea o de&nbsp; los&nbsp; Estados miembros&nbsp; ni&nbsp; se basa en&nbsp; el consentimiento,&nbsp; tiene&nbsp; derecho&nbsp; a&nbsp; no&nbsp; ser&nbsp; objeto&nbsp; de&nbsp;&nbsp; una&nbsp;&nbsp; decisi\u00f3n&nbsp; basada \u00fanicamente&nbsp; en&nbsp;&nbsp; el tratamiento automatizado, incluida la elaboraci\u00f3n de perfiles, que&nbsp; produzca efectos jur\u00eddicos o le afecte significativamente de modo&nbsp; similar.<\/li>\n\n\n\n<li>Derecho a retirar el consentimiento: Para cualquier tratamiento basado en su consentimiento, tiene derecho a retirarlo, en cualquier momento y de manera gratuita.<\/li>\n<\/ul>\n\n\n\n<p>Para ejercer cualquiera de los derechos en materia de protecci\u00f3n de datos descritos anteriormente deber\u00e1 seguir las siguientes indicaciones:<\/p>\n\n\n\n<ul>\n<li>Presentaci\u00f3n&nbsp; de&nbsp; un&nbsp; escrito&nbsp; a&nbsp; la&nbsp; direcci\u00f3n&nbsp; CARRER&nbsp; NENA&nbsp; CASAS&nbsp; 56&nbsp; PRINCIPAL 2, 08017 BARCELONA (BARCELONA) (a&nbsp; la&nbsp; atenci\u00f3n&nbsp; de&nbsp; BEST&nbsp; ABROAD S.L.) o bien a&nbsp; trav\u00e9s de&nbsp; correo electr\u00f3nico a por correo&nbsp; electr\u00f3nico a <a href=\"mailto:info@bestabroad.org\">info@bestabroad.org <\/a>.<\/li>\n<\/ul>\n\n\n\n<ul>\n<li>El escrito remitido por el titular de los datos personales (interesado\/a) que&nbsp; solicite el ejercicio de derechos deber\u00e1 tener&nbsp; en cuenta lo siguiente:\n<ul>\n<li>Deber\u00e1 identificarse\u00a0 fehacientemente\u00a0 y, en\u00a0 el\u00a0 caso de\u00a0 que\u00a0 concurran dudas sobre la identidad\u00a0 del\u00a0 solicitante,\u00a0 se le solicitar\u00e1 que\u00a0 subsane la petici\u00f3n (p. ej. solicitando m\u00e1s informaci\u00f3n, como\u00a0 el\u00a0 n\u00famero de\u00a0 DNI, el\u00a0 documento del\u00a0 DNI, el\u00a0 correo\u00a0 electr\u00f3nico que aport\u00f3,\u00a0 etc.)<\/li>\n\n\n\n<li>Petici\u00f3n\u00a0 en\u00a0 que\u00a0 se concreta la\u00a0 solicitud\u00a0 (Derecho\/s que\u00a0 se pretende\/n ejercer).\u00a0 Si\u00a0 no hace referencia a un tratamiento concreto se le facilitar\u00e1 respuesta en\u00a0 relaci\u00f3n a todos los tratamientos que\u00a0 afectan a sus datos de car\u00e1cter personal. Si solicita informaci\u00f3n de un tratamiento en\u00a0 concreto, s\u00f3lo la informaci\u00f3n de\u00a0 \u00e9ste. Si lo solicita por tel\u00e9fono se le indicar\u00e1 que\u00a0 lo haga por escrito y se le informar\u00e1 de c\u00f3mo\u00a0 lo puede hacer y la direcci\u00f3n a la que tiene que enviarlo. Nunca\u00a0 se le dar\u00e1\u00a0 informaci\u00f3n por tel\u00e9fono.<\/li>\n\n\n\n<li>Direcci\u00f3n postal o electr\u00f3nica a efectos de notificaciones.<\/li>\n\n\n\n<li>La\u00a0 solicitud\u00a0 puede realizarla\u00a0 el\u00a0 representante, legal\u00a0 o\u00a0 voluntario,\u00a0 cuando \u00e9ste\u00a0 est\u00e9 debidamente\u00a0\u00a0 identificado\u00a0\u00a0 y\u00a0 autorizado\u00a0\u00a0 por\u00a0\u00a0 el\u00a0\u00a0 titular\u00a0\u00a0 de\u00a0\u00a0 los\u00a0\u00a0 datos\u00a0 (mediante\u00a0\u00a0 una autorizaci\u00f3n expresa del titular para\u00a0 ejercer los derechos personal\u00edsimos regulados en la normativa en materia de protecci\u00f3n de datos personales).<\/li>\n\n\n\n<li>Documentos acreditativos de la petici\u00f3n que\u00a0 formula, en caso de que\u00a0 sean necesarios.<\/li>\n\n\n\n<li>La persona solicitante debe utilizar cualquier\u00a0 medio que\u00a0 permita acreditar\u00a0 el env\u00edo\u00a0 y la recepci\u00f3n de la solicitud.<\/li>\n<\/ul>\n<\/li>\n<\/ul>\n\n\n\n<p>Por&nbsp; \u00faltimo,&nbsp; le&nbsp; informamos&nbsp; que&nbsp; tiene derecho a&nbsp; presentar una&nbsp; reclamaci\u00f3n ante&nbsp; la&nbsp; Agencia&nbsp; Espa\u00f1ola&nbsp; de Protecci\u00f3n&nbsp; de&nbsp; Datos en&nbsp; caso de&nbsp; que&nbsp; tenga conocimiento&nbsp; o considere&nbsp; que&nbsp; un&nbsp; hecho pueda suponer un incumplimiento de la normativa aplicable en materia de protecci\u00f3n de datos.<\/p>\n\n\n\n<p>BEST ABROAD S.L. se compromete a adoptar las medidas t\u00e9cnicas y organizativas necesarias, acorde al nivel&nbsp; de&nbsp; riesgos&nbsp; que&nbsp;&nbsp; acompa\u00f1an&nbsp; los&nbsp; tratamientos&nbsp; realizados&nbsp; por&nbsp; \u00e9stas&nbsp; e&nbsp; indicados&nbsp; en&nbsp; este&nbsp; mismo apartado, de forma que&nbsp; garanticen su integridad, confidencialidad y disponibilidad.<\/p>\n\n\n\n<p><strong>\u00daltima \u00a0actualizaci\u00f3n: 2 de mayo de 2024<\/strong><\/p>","protected":false},"excerpt":{"rendered":"<p>POL\u00cdTICA DE PRIVACIDAD DE www.bestabroad.org Datos del propietario de&nbsp; la web: RAZ\u00d3N SOCIAL BEST ABROAD S.L. NIF B56157050 DOMINIO www.bestabroad.org DIRECCI\u00d3N POSTAL CARRER NENA CASAS, 56 PRINCIPAL 2, 08017 BARCELONA(BARCELONA) DIRECCI\u00d3N ELECTR\u00d3NICA info@bestabroad.org TEL\u00c9FONOS 644685108 N\u00ba REGISTRO\/ DATOS ADICIONALES &nbsp; Protecci\u00f3n de&nbsp; datos De conformidad con la normativa vigente y aplicable en protecci\u00f3n de datos [&hellip;]<\/p>\n","protected":false},"author":1,"featured_media":0,"parent":0,"menu_order":0,"comment_status":"closed","ping_status":"closed","template":"","meta":{"_et_pb_use_builder":"","_et_pb_old_content":"","_et_gb_content_width":"","footnotes":""},"yoast_head":"<!-- This site is optimized with the Yoast SEO plugin v23.5 - https:\/\/yoast.com\/wordpress\/plugins\/seo\/ -->\n<title>Pol\u00edtica de Privacidad - BEST ABROAD<\/title>\n<meta name=\"robots\" content=\"index, follow, max-snippet:-1, max-image-preview:large, max-video-preview:-1\" \/>\n<link rel=\"canonical\" href=\"https:\/\/www.bestabroad.org\/es\/politica-de-privacidad\/\" \/>\n<meta property=\"og:locale\" content=\"es_ES\" \/>\n<meta property=\"og:type\" content=\"article\" \/>\n<meta property=\"og:title\" content=\"Pol\u00edtica de Privacidad - BEST ABROAD\" \/>\n<meta property=\"og:description\" content=\"POL\u00cdTICA DE PRIVACIDAD DE www.bestabroad.org Datos del propietario de&nbsp; la web: RAZ\u00d3N SOCIAL BEST ABROAD S.L. NIF B56157050 DOMINIO www.bestabroad.org DIRECCI\u00d3N POSTAL CARRER NENA CASAS, 56 PRINCIPAL 2, 08017 BARCELONA(BARCELONA) DIRECCI\u00d3N ELECTR\u00d3NICA info@bestabroad.org TEL\u00c9FONOS 644685108 N\u00ba REGISTRO\/ DATOS ADICIONALES &nbsp; Protecci\u00f3n de&nbsp; datos De conformidad con la normativa vigente y aplicable en protecci\u00f3n de datos [&hellip;]\" \/>\n<meta property=\"og:url\" content=\"https:\/\/www.bestabroad.org\/es\/politica-de-privacidad\/\" \/>\n<meta property=\"og:site_name\" content=\"BEST ABROAD\" \/>\n<meta property=\"article:modified_time\" content=\"2024-07-10T22:45:11+00:00\" \/>\n<meta property=\"og:image\" content=\"https:\/\/www.bestabroad.org\/wp-content\/uploads\/2023\/01\/beastabroad_logo.png\" \/>\n\t<meta property=\"og:image:width\" content=\"2313\" \/>\n\t<meta property=\"og:image:height\" content=\"486\" \/>\n\t<meta property=\"og:image:type\" content=\"image\/png\" \/>\n<meta name=\"twitter:card\" content=\"summary_large_image\" \/>\n<meta name=\"twitter:label1\" content=\"Tiempo de lectura\" \/>\n\t<meta name=\"twitter:data1\" content=\"6 minutos\" \/>\n<script type=\"application\/ld+json\" class=\"yoast-schema-graph\">{\"@context\":\"https:\/\/schema.org\",\"@graph\":[{\"@type\":\"WebPage\",\"@id\":\"https:\/\/www.bestabroad.org\/politica-de-privacidad\/\",\"url\":\"https:\/\/www.bestabroad.org\/politica-de-privacidad\/\",\"name\":\"Pol\u00edtica de Privacidad - BEST ABROAD\",\"isPartOf\":{\"@id\":\"https:\/\/www.bestabroad.org\/#website\"},\"datePublished\":\"2024-07-10T16:00:04+00:00\",\"dateModified\":\"2024-07-10T22:45:11+00:00\",\"breadcrumb\":{\"@id\":\"https:\/\/www.bestabroad.org\/politica-de-privacidad\/#breadcrumb\"},\"inLanguage\":\"es\",\"potentialAction\":[{\"@type\":\"ReadAction\",\"target\":[\"https:\/\/www.bestabroad.org\/politica-de-privacidad\/\"]}]},{\"@type\":\"BreadcrumbList\",\"@id\":\"https:\/\/www.bestabroad.org\/politica-de-privacidad\/#breadcrumb\",\"itemListElement\":[{\"@type\":\"ListItem\",\"position\":1,\"name\":\"Portada\",\"item\":\"https:\/\/www.bestabroad.org\/\"},{\"@type\":\"ListItem\",\"position\":2,\"name\":\"Pol\u00edtica de Privacidad\"}]},{\"@type\":\"WebSite\",\"@id\":\"https:\/\/www.bestabroad.org\/#website\",\"url\":\"https:\/\/www.bestabroad.org\/\",\"name\":\"BESTABROAD.ORG\",\"description\":\"Experi\u00e8ncies ling\u00fc\u00edstiques a l\u2019estranger per a joves i adults\",\"publisher\":{\"@id\":\"https:\/\/www.bestabroad.org\/#organization\"},\"potentialAction\":[{\"@type\":\"SearchAction\",\"target\":{\"@type\":\"EntryPoint\",\"urlTemplate\":\"https:\/\/www.bestabroad.org\/?s={search_term_string}\"},\"query-input\":{\"@type\":\"PropertyValueSpecification\",\"valueRequired\":true,\"valueName\":\"search_term_string\"}}],\"inLanguage\":\"es\"},{\"@type\":\"Organization\",\"@id\":\"https:\/\/www.bestabroad.org\/#organization\",\"name\":\"BESTABROAD.ORG\",\"url\":\"https:\/\/www.bestabroad.org\/\",\"logo\":{\"@type\":\"ImageObject\",\"inLanguage\":\"es\",\"@id\":\"https:\/\/www.bestabroad.org\/#\/schema\/logo\/image\/\",\"url\":\"https:\/\/www.bestabroad.org\/wp-content\/uploads\/2023\/01\/beastabroad_icon.png\",\"contentUrl\":\"https:\/\/www.bestabroad.org\/wp-content\/uploads\/2023\/01\/beastabroad_icon.png\",\"width\":512,\"height\":512,\"caption\":\"BESTABROAD.ORG\"},\"image\":{\"@id\":\"https:\/\/www.bestabroad.org\/#\/schema\/logo\/image\/\"},\"sameAs\":[\"https:\/\/www.instagram.com\/bestabroadexperiences\/\"]}]}<\/script>\n<!-- \/ Yoast SEO plugin. -->","yoast_head_json":{"title":"Pol\u00edtica de Privacidad - BEST ABROAD","robots":{"index":"index","follow":"follow","max-snippet":"max-snippet:-1","max-image-preview":"max-image-preview:large","max-video-preview":"max-video-preview:-1"},"canonical":"https:\/\/www.bestabroad.org\/es\/politica-de-privacidad\/","og_locale":"es_ES","og_type":"article","og_title":"Pol\u00edtica de Privacidad - BEST ABROAD","og_description":"POL\u00cdTICA DE PRIVACIDAD DE www.bestabroad.org Datos del propietario de&nbsp; la web: RAZ\u00d3N SOCIAL BEST ABROAD S.L. NIF B56157050 DOMINIO www.bestabroad.org DIRECCI\u00d3N POSTAL CARRER NENA CASAS, 56 PRINCIPAL 2, 08017 BARCELONA(BARCELONA) DIRECCI\u00d3N ELECTR\u00d3NICA info@bestabroad.org TEL\u00c9FONOS 644685108 N\u00ba REGISTRO\/ DATOS ADICIONALES &nbsp; Protecci\u00f3n de&nbsp; datos De conformidad con la normativa vigente y aplicable en protecci\u00f3n de datos [&hellip;]","og_url":"https:\/\/www.bestabroad.org\/es\/politica-de-privacidad\/","og_site_name":"BEST ABROAD","article_modified_time":"2024-07-10T22:45:11+00:00","og_image":[{"width":2313,"height":486,"url":"https:\/\/www.bestabroad.org\/wp-content\/uploads\/2023\/01\/beastabroad_logo.png","type":"image\/png"}],"twitter_card":"summary_large_image","twitter_misc":{"Tiempo de lectura":"6 minutos"},"schema":{"@context":"https:\/\/schema.org","@graph":[{"@type":"WebPage","@id":"https:\/\/www.bestabroad.org\/politica-de-privacidad\/","url":"https:\/\/www.bestabroad.org\/politica-de-privacidad\/","name":"Pol\u00edtica de Privacidad - BEST ABROAD","isPartOf":{"@id":"https:\/\/www.bestabroad.org\/#website"},"datePublished":"2024-07-10T16:00:04+00:00","dateModified":"2024-07-10T22:45:11+00:00","breadcrumb":{"@id":"https:\/\/www.bestabroad.org\/politica-de-privacidad\/#breadcrumb"},"inLanguage":"es","potentialAction":[{"@type":"ReadAction","target":["https:\/\/www.bestabroad.org\/politica-de-privacidad\/"]}]},{"@type":"BreadcrumbList","@id":"https:\/\/www.bestabroad.org\/politica-de-privacidad\/#breadcrumb","itemListElement":[{"@type":"ListItem","position":1,"name":"Portada","item":"https:\/\/www.bestabroad.org\/"},{"@type":"ListItem","position":2,"name":"Pol\u00edtica de Privacidad"}]},{"@type":"WebSite","@id":"https:\/\/www.bestabroad.org\/#website","url":"https:\/\/www.bestabroad.org\/","name":"BESTABROAD.ORG","description":"Experiencias ling\u00fc\u00edsticas en el extranjero para j\u00f3venes y adultos","publisher":{"@id":"https:\/\/www.bestabroad.org\/#organization"},"potentialAction":[{"@type":"SearchAction","target":{"@type":"EntryPoint","urlTemplate":"https:\/\/www.bestabroad.org\/?s={search_term_string}"},"query-input":{"@type":"PropertyValueSpecification","valueRequired":true,"valueName":"search_term_string"}}],"inLanguage":"es"},{"@type":"Organization","@id":"https:\/\/www.bestabroad.org\/#organization","name":"BESTABROAD.ORG","url":"https:\/\/www.bestabroad.org\/","logo":{"@type":"ImageObject","inLanguage":"es","@id":"https:\/\/www.bestabroad.org\/#\/schema\/logo\/image\/","url":"https:\/\/www.bestabroad.org\/wp-content\/uploads\/2023\/01\/beastabroad_icon.png","contentUrl":"https:\/\/www.bestabroad.org\/wp-content\/uploads\/2023\/01\/beastabroad_icon.png","width":512,"height":512,"caption":"BESTABROAD.ORG"},"image":{"@id":"https:\/\/www.bestabroad.org\/#\/schema\/logo\/image\/"},"sameAs":["https:\/\/www.instagram.com\/bestabroadexperiences\/"]}]}},"_links":{"self":[{"href":"https:\/\/www.bestabroad.org\/es\/wp-json\/wp\/v2\/pages\/1816"}],"collection":[{"href":"https:\/\/www.bestabroad.org\/es\/wp-json\/wp\/v2\/pages"}],"about":[{"href":"https:\/\/www.bestabroad.org\/es\/wp-json\/wp\/v2\/types\/page"}],"author":[{"embeddable":true,"href":"https:\/\/www.bestabroad.org\/es\/wp-json\/wp\/v2\/users\/1"}],"replies":[{"embeddable":true,"href":"https:\/\/www.bestabroad.org\/es\/wp-json\/wp\/v2\/comments?post=1816"}],"version-history":[{"count":5,"href":"https:\/\/www.bestabroad.org\/es\/wp-json\/wp\/v2\/pages\/1816\/revisions"}],"predecessor-version":[{"id":1840,"href":"https:\/\/www.bestabroad.org\/es\/wp-json\/wp\/v2\/pages\/1816\/revisions\/1840"}],"wp:attachment":[{"href":"https:\/\/www.bestabroad.org\/es\/wp-json\/wp\/v2\/media?parent=1816"}],"curies":[{"name":"wp","href":"https:\/\/api.w.org\/{rel}","templated":true}]}}