{"id":57,"date":"2023-01-15T22:50:45","date_gmt":"2023-01-15T21:50:45","guid":{"rendered":"https:\/\/www.bestabroad.org\/?page_id=57"},"modified":"2025-05-12T09:14:43","modified_gmt":"2025-05-12T08:14:43","slug":"contacte","status":"publish","type":"page","link":"http:\/\/www.bestabroad.org\/es\/contacte\/","title":{"rendered":"CONTACTO"},"content":{"rendered":"<p>[et_pb_section fb_built=&#8221;1&#8243; admin_label=&#8221;Secci\u00f3n&#8221; _builder_version=&#8221;4.19.4&#8243; _module_preset=&#8221;default&#8221; background_color=&#8221;#FFFFFF&#8221; width=&#8221;100%&#8221; module_alignment=&#8221;center&#8221; custom_margin=&#8221;||0px||false|false&#8221; custom_padding=&#8221;0px||0vw||false|false&#8221; top_divider_color=&#8221;#00AED4&#8243; top_divider_height=&#8221;4vw&#8221; top_divider_flip=&#8221;vertical&#8221; bottom_divider_color=&#8221;#FFFFFF&#8221; bottom_divider_height=&#8221;171px&#8221; bottom_divider_repeat=&#8221;0x&#8221; global_module=&#8221;368&#8243; saved_tabs=&#8221;all&#8221; global_colors_info=&#8221;{}&#8221;][et_pb_row use_custom_gutter=&#8221;on&#8221; gutter_width=&#8221;1&#8243; make_equal=&#8221;on&#8221; custom_padding_last_edited=&#8221;on|phone&#8221; _builder_version=&#8221;4.24.0&#8243; _module_preset=&#8221;default&#8221; background_color=&#8221;RGBA(255,255,255,0)&#8221; width=&#8221;65%&#8221; width_tablet=&#8221;85%&#8221; width_phone=&#8221;90%&#8221; width_last_edited=&#8221;on|desktop&#8221; max_width=&#8221;100%&#8221; custom_margin=&#8221;0px||1.5vw||false|false&#8221; custom_margin_tablet=&#8221;||0vw||false|false&#8221; custom_margin_phone=&#8221;||-15px||false|false&#8221; custom_margin_last_edited=&#8221;on|tablet&#8221; custom_padding=&#8221;2vw||0vw||false|false&#8221; custom_padding_tablet=&#8221;5vw||0vw||false|false&#8221; custom_padding_phone=&#8221;7vw||0vw||false|false&#8221; global_colors_info=&#8221;{}&#8221;][et_pb_column type=&#8221;4_4&#8243; _builder_version=&#8221;4.16&#8243; _module_preset=&#8221;default&#8221; global_colors_info=&#8221;{}&#8221;][et_pb_text _builder_version=&#8221;4.24.0&#8243; _module_preset=&#8221;default&#8221; text_font=&#8221;Montserrat||||||||&#8221; text_text_color=&#8221;#4E94C3&#8243; text_font_size=&#8221;1.9vw&#8221; text_line_height=&#8221;1.5em&#8221; header_font=&#8221;Montserrat||||||||&#8221; header_text_align=&#8221;center&#8221; header_text_color=&#8221;#A0CFE4&#8243; header_font_size=&#8221;5vw&#8221; header_2_font=&#8221;Comfortaa|700|||||||&#8221; header_2_text_align=&#8221;center&#8221; header_2_text_color=&#8221;#545456&#8243; header_2_font_size=&#8221;50px&#8221; text_orientation=&#8221;justified&#8221; custom_margin=&#8221;3vw||||false|false&#8221; custom_margin_tablet=&#8221;||5vw||false|false&#8221; custom_margin_phone=&#8221;3vw||5vw||false|false&#8221; custom_margin_last_edited=&#8221;on|desktop&#8221; text_font_size_tablet=&#8221;3.5vw&#8221; text_font_size_phone=&#8221;3.7vw&#8221; text_font_size_last_edited=&#8221;on|phone&#8221; header_font_size_tablet=&#8221;9vw&#8221; header_font_size_phone=&#8221;9vw&#8221; header_font_size_last_edited=&#8221;on|tablet&#8221; header_2_font_size_tablet=&#8221;45px&#8221; header_2_font_size_phone=&#8221;35px&#8221; header_2_font_size_last_edited=&#8221;on|phone&#8221; global_colors_info=&#8221;{}&#8221;]<\/p>\n<h2>Contacta&#8217;ns<\/h2>\n<p>[\/et_pb_text][\/et_pb_column][\/et_pb_row][\/et_pb_section]<\/p>\n","protected":false},"excerpt":{"rendered":"<p>Cont\u00e1ctanos<\/p>","protected":false},"author":1,"featured_media":0,"parent":0,"menu_order":0,"comment_status":"closed","ping_status":"closed","template":"","meta":{"_et_pb_use_builder":"on","_et_pb_old_content":"<!-- wp:divi\/placeholder \/-->","_et_gb_content_width":"","footnotes":""},"yoast_head":"<!-- This site is optimized with the Yoast SEO plugin v23.5 - https:\/\/yoast.com\/wordpress\/plugins\/seo\/ -->\n<title>CONTACTE - BEST ABROAD<\/title>\n<meta name=\"robots\" content=\"index, follow, max-snippet:-1, max-image-preview:large, max-video-preview:-1\" \/>\n<link rel=\"canonical\" href=\"https:\/\/www.bestabroad.org\/es\/contacte\/\" \/>\n<meta property=\"og:locale\" content=\"es_ES\" \/>\n<meta property=\"og:type\" content=\"article\" \/>\n<meta property=\"og:title\" content=\"CONTACTE - BEST ABROAD\" \/>\n<meta property=\"og:description\" content=\"Contacta&#039;ns\" \/>\n<meta property=\"og:url\" content=\"https:\/\/www.bestabroad.org\/es\/contacte\/\" \/>\n<meta property=\"og:site_name\" content=\"BEST ABROAD\" \/>\n<meta property=\"article:modified_time\" content=\"2025-05-12T08:14:43+00:00\" \/>\n<meta property=\"og:image\" content=\"https:\/\/www.bestabroad.org\/wp-content\/uploads\/2023\/01\/beastabroad_logo.png\" \/>\n\t<meta property=\"og:image:width\" content=\"2313\" \/>\n\t<meta property=\"og:image:height\" content=\"486\" \/>\n\t<meta property=\"og:image:type\" content=\"image\/png\" \/>\n<meta name=\"twitter:card\" content=\"summary_large_image\" \/>\n<script type=\"application\/ld+json\" class=\"yoast-schema-graph\">{\"@context\":\"https:\/\/schema.org\",\"@graph\":[{\"@type\":\"WebPage\",\"@id\":\"https:\/\/www.bestabroad.org\/contacte\/\",\"url\":\"https:\/\/www.bestabroad.org\/contacte\/\",\"name\":\"CONTACTE - BEST ABROAD\",\"isPartOf\":{\"@id\":\"https:\/\/www.bestabroad.org\/#website\"},\"datePublished\":\"2023-01-15T21:50:45+00:00\",\"dateModified\":\"2025-05-12T08:14:43+00:00\",\"breadcrumb\":{\"@id\":\"https:\/\/www.bestabroad.org\/contacte\/#breadcrumb\"},\"inLanguage\":\"es\",\"potentialAction\":[{\"@type\":\"ReadAction\",\"target\":[\"https:\/\/www.bestabroad.org\/contacte\/\"]}]},{\"@type\":\"BreadcrumbList\",\"@id\":\"https:\/\/www.bestabroad.org\/contacte\/#breadcrumb\",\"itemListElement\":[{\"@type\":\"ListItem\",\"position\":1,\"name\":\"Portada\",\"item\":\"https:\/\/www.bestabroad.org\/\"},{\"@type\":\"ListItem\",\"position\":2,\"name\":\"CONTACTE\"}]},{\"@type\":\"WebSite\",\"@id\":\"https:\/\/www.bestabroad.org\/#website\",\"url\":\"https:\/\/www.bestabroad.org\/\",\"name\":\"BESTABROAD.ORG\",\"description\":\"Experi\u00e8ncies ling\u00fc\u00edstiques a l\u2019estranger per a joves i adults\",\"publisher\":{\"@id\":\"https:\/\/www.bestabroad.org\/#organization\"},\"potentialAction\":[{\"@type\":\"SearchAction\",\"target\":{\"@type\":\"EntryPoint\",\"urlTemplate\":\"https:\/\/www.bestabroad.org\/?s={search_term_string}\"},\"query-input\":{\"@type\":\"PropertyValueSpecification\",\"valueRequired\":true,\"valueName\":\"search_term_string\"}}],\"inLanguage\":\"es\"},{\"@type\":\"Organization\",\"@id\":\"https:\/\/www.bestabroad.org\/#organization\",\"name\":\"BESTABROAD.ORG\",\"url\":\"https:\/\/www.bestabroad.org\/\",\"logo\":{\"@type\":\"ImageObject\",\"inLanguage\":\"es\",\"@id\":\"https:\/\/www.bestabroad.org\/#\/schema\/logo\/image\/\",\"url\":\"https:\/\/www.bestabroad.org\/wp-content\/uploads\/2023\/01\/beastabroad_icon.png\",\"contentUrl\":\"https:\/\/www.bestabroad.org\/wp-content\/uploads\/2023\/01\/beastabroad_icon.png\",\"width\":512,\"height\":512,\"caption\":\"BESTABROAD.ORG\"},\"image\":{\"@id\":\"https:\/\/www.bestabroad.org\/#\/schema\/logo\/image\/\"},\"sameAs\":[\"https:\/\/www.instagram.com\/bestabroadexperiences\/\"]}]}<\/script>\n<!-- \/ Yoast SEO plugin. -->","yoast_head_json":{"title":"CONTACTE - BEST ABROAD","robots":{"index":"index","follow":"follow","max-snippet":"max-snippet:-1","max-image-preview":"max-image-preview:large","max-video-preview":"max-video-preview:-1"},"canonical":"https:\/\/www.bestabroad.org\/es\/contacte\/","og_locale":"es_ES","og_type":"article","og_title":"CONTACTE - BEST ABROAD","og_description":"Contacta'ns","og_url":"https:\/\/www.bestabroad.org\/es\/contacte\/","og_site_name":"BEST ABROAD","article_modified_time":"2025-05-12T08:14:43+00:00","og_image":[{"width":2313,"height":486,"url":"https:\/\/www.bestabroad.org\/wp-content\/uploads\/2023\/01\/beastabroad_logo.png","type":"image\/png"}],"twitter_card":"summary_large_image","schema":{"@context":"https:\/\/schema.org","@graph":[{"@type":"WebPage","@id":"https:\/\/www.bestabroad.org\/contacte\/","url":"https:\/\/www.bestabroad.org\/contacte\/","name":"CONTACTE - BEST ABROAD","isPartOf":{"@id":"https:\/\/www.bestabroad.org\/#website"},"datePublished":"2023-01-15T21:50:45+00:00","dateModified":"2025-05-12T08:14:43+00:00","breadcrumb":{"@id":"https:\/\/www.bestabroad.org\/contacte\/#breadcrumb"},"inLanguage":"es","potentialAction":[{"@type":"ReadAction","target":["https:\/\/www.bestabroad.org\/contacte\/"]}]},{"@type":"BreadcrumbList","@id":"https:\/\/www.bestabroad.org\/contacte\/#breadcrumb","itemListElement":[{"@type":"ListItem","position":1,"name":"Portada","item":"https:\/\/www.bestabroad.org\/"},{"@type":"ListItem","position":2,"name":"CONTACTE"}]},{"@type":"WebSite","@id":"https:\/\/www.bestabroad.org\/#website","url":"https:\/\/www.bestabroad.org\/","name":"BESTABROAD.ORG","description":"Experiencias ling\u00fc\u00edsticas en el extranjero para j\u00f3venes y adultos","publisher":{"@id":"https:\/\/www.bestabroad.org\/#organization"},"potentialAction":[{"@type":"SearchAction","target":{"@type":"EntryPoint","urlTemplate":"https:\/\/www.bestabroad.org\/?s={search_term_string}"},"query-input":{"@type":"PropertyValueSpecification","valueRequired":true,"valueName":"search_term_string"}}],"inLanguage":"es"},{"@type":"Organization","@id":"https:\/\/www.bestabroad.org\/#organization","name":"BESTABROAD.ORG","url":"https:\/\/www.bestabroad.org\/","logo":{"@type":"ImageObject","inLanguage":"es","@id":"https:\/\/www.bestabroad.org\/#\/schema\/logo\/image\/","url":"https:\/\/www.bestabroad.org\/wp-content\/uploads\/2023\/01\/beastabroad_icon.png","contentUrl":"https:\/\/www.bestabroad.org\/wp-content\/uploads\/2023\/01\/beastabroad_icon.png","width":512,"height":512,"caption":"BESTABROAD.ORG"},"image":{"@id":"https:\/\/www.bestabroad.org\/#\/schema\/logo\/image\/"},"sameAs":["https:\/\/www.instagram.com\/bestabroadexperiences\/"]}]}},"_links":{"self":[{"href":"http:\/\/www.bestabroad.org\/es\/wp-json\/wp\/v2\/pages\/57"}],"collection":[{"href":"http:\/\/www.bestabroad.org\/es\/wp-json\/wp\/v2\/pages"}],"about":[{"href":"http:\/\/www.bestabroad.org\/es\/wp-json\/wp\/v2\/types\/page"}],"author":[{"embeddable":true,"href":"http:\/\/www.bestabroad.org\/es\/wp-json\/wp\/v2\/users\/1"}],"replies":[{"embeddable":true,"href":"http:\/\/www.bestabroad.org\/es\/wp-json\/wp\/v2\/comments?post=57"}],"version-history":[{"count":1,"href":"http:\/\/www.bestabroad.org\/es\/wp-json\/wp\/v2\/pages\/57\/revisions"}],"predecessor-version":[{"id":1977,"href":"http:\/\/www.bestabroad.org\/es\/wp-json\/wp\/v2\/pages\/57\/revisions\/1977"}],"wp:attachment":[{"href":"http:\/\/www.bestabroad.org\/es\/wp-json\/wp\/v2\/media?parent=57"}],"curies":[{"name":"wp","href":"https:\/\/api.w.org\/{rel}","templated":true}]}}